{"id":1701,"date":"2025-06-18T14:23:08","date_gmt":"2025-06-18T14:23:08","guid":{"rendered":"https:\/\/atramur.rkinformatika.online\/?page_id=1701"},"modified":"2025-06-20T11:54:19","modified_gmt":"2025-06-20T11:54:19","slug":"noticias","status":"publish","type":"page","link":"https:\/\/atramur.es\/en\/noticias\/","title":{"rendered":"News"},"content":{"rendered":"<div data-elementor-type=\"wp-page\" data-elementor-id=\"1701\" class=\"elementor elementor-1701\" data-elementor-post-type=\"page\">\n\t\t\t\t<div class=\"elementor-element elementor-element-96fbc31 e-flex e-con-boxed e-con e-parent\" data-id=\"96fbc31\" data-element_type=\"container\" data-settings=\"{&quot;background_background&quot;:&quot;classic&quot;}\">\n\t\t\t\t\t<div class=\"e-con-inner\">\n\t\t<div class=\"elementor-element elementor-element-6c8c1a3 e-con-full e-flex e-con e-child\" data-id=\"6c8c1a3\" data-element_type=\"container\">\n\t\t\t\t<div class=\"elementor-element elementor-element-7b5bdc0 elementor-widget elementor-widget-heading\" data-id=\"7b5bdc0\" data-element_type=\"widget\" data-widget_type=\"heading.default\">\n\t\t\t\t<div class=\"elementor-widget-container\">\n\t\t\t\t\t<h2 class=\"elementor-heading-title elementor-size-default\">OGLIGACIONES DEL TALLER EN MATERIA  MEDIOAMBIENTAL<\/h2>\t\t\t\t<\/div>\n\t\t\t\t<\/div>\n\t\t\t\t<div class=\"elementor-element elementor-element-f4da2ae elementor-widget elementor-widget-text-editor\" data-id=\"f4da2ae\" data-element_type=\"widget\" data-widget_type=\"text-editor.default\">\n\t\t\t\t<div class=\"elementor-widget-container\">\n\t\t\t\t\t\t\t\t\t<p>La LEY 22\/2011 DE RESIDUOS Y SUELOS CONTAMINADOS y la LEY 7\/2022 DE RESIDUOS Y SUELOS CONTAMINADOS PARA UNA ECONOMIA CIRCULAR, obliga a todos los talleres con independencia de su especialidad, mec\u00e1nica, electricidad, chapa y pintura a:<\/p><p>1- Estar inscrito en el REGISTRO DEL PEQUE\u00d1O PRODUCTOR DE RESIDUOS PELIGROSOS, y tener el n\u00famero de Identificaci\u00f3n Medioambiental (NIMA), en vigor y actualizado y con todos los residuos comunicados. <br \/>Hago en este caso especial menci\u00f3n para aquellos talleres que tienen retiradas de residuos superiores a los 10.000 kgs, ya que en este caso el REGISTRO DE GRAN PRODUCTOR DE RESIDUOS lo tiene que realizar empresa habilitada y lleva aparejada m\u00e1s documentaci\u00f3n.<\/p><p>IMPORTANTE: COTEJAR LOS DCS, que env\u00edan los GESTORES cuando se realizan las retiradas de residuos, para que no existan cantidades que no est\u00e1n bien comunicadas en el ESIR.<\/p><p>2- Tener en vigor el APODERAMIENTO con el GESTOR que os retira los residuos. Estos apoderamientos se realizan con CERTIFICADO DIGITAL. Si no est\u00e1n los apoderamientos inscritos, los gestores no pueden comunicar a la CONSEJER\u00cdA a trav\u00e9s del ESIR la retirada de los residuos, y en ese caso la gesti\u00f3n no estar\u00eda bien realizada.<\/p><p>3- Llevar anotadas las retirada de los residuos peligrosos en el LIBRO DE RESIDUOS, siempre actualizado a la \u00faltima fecha de retirada de los mismos.<\/p><p>4- No tener almacenados los residuos peligrosos durante m\u00e1s de 6 meses ( 2 retiradas al a\u00f1o).<\/p><p>5- OBLIGACION de presentar las declaraciones medioambientales anuales: MEMORIA ANUAL DE RESIDUOS antes del 01\/03 de cada a\u00f1o, y la DECLARACION DE VERTIDOS A AGUAS DE MURCIA, para los que pertenecen al AYUNTAMIENTO DE MURCIA antes del 31\/03 de cada a\u00f1o.<\/p><p>6- Tener debidamente etiquetados los envases de los residuos peligrosos.<\/p><p>7- Disponer de una zona habilitada e identificada para el correcto almacenamiento de los residuos que re\u00fana las condiciones adecuadas de higiene y seguridad mientras se encuentren en su poder. En el caso de almacenamiento de residuos peligrosos estos deber\u00e1n estar protegidos de la intemperie y con sistemas de retenci\u00f3n de vertidos y derrames.<\/p><p>8- No mezclar ni diluir los residuos peligrosos con otras categor\u00edas de residuos peligrosos ni con otros residuos, sustancias o materiales.<\/p>\t\t\t\t\t\t\t\t<\/div>\n\t\t\t\t<\/div>\n\t\t\t\t<div class=\"elementor-element elementor-element-7656fd2 elementor-widget elementor-widget-heading\" data-id=\"7656fd2\" data-element_type=\"widget\" data-widget_type=\"heading.default\">\n\t\t\t\t<div class=\"elementor-widget-container\">\n\t\t\t\t\t<h2 class=\"elementor-heading-title elementor-size-default\">Para m\u00e1s informaci\u00f3n , no dud\u00e9is en poneros en contacto con nosotros.<\/h2>\t\t\t\t<\/div>\n\t\t\t\t<\/div>\n\t\t\t\t<\/div>\n\t\t\t\t\t<\/div>\n\t\t\t\t<\/div>\n\t\t\t\t<\/div>","protected":false},"excerpt":{"rendered":"<p>OGLIGACIONES DEL TALLER EN MATERIA MEDIOAMBIENTAL La LEY 22\/2011 DE RESIDUOS Y SUELOS CONTAMINADOS y la LEY 7\/2022 DE RESIDUOS Y SUELOS CONTAMINADOS PARA UNA ECONOMIA CIRCULAR, obliga a todos los talleres con independencia de su especialidad, mec\u00e1nica, electricidad, chapa y pintura a: 1- Estar inscrito en el REGISTRO DEL PEQUE\u00d1O PRODUCTOR DE RESIDUOS PELIGROSOS, [&hellip;]<\/p>","protected":false},"author":1,"featured_media":0,"parent":0,"menu_order":0,"comment_status":"closed","ping_status":"closed","template":"elementor_canvas","meta":{"footnotes":""},"class_list":["post-1701","page","type-page","status-publish","hentry"],"yoast_head":"<!-- This site is optimized with the Yoast SEO plugin v25.8 - https:\/\/yoast.com\/wordpress\/plugins\/seo\/ -->\n<title>Noticias - ATRAMUR<\/title>\n<meta name=\"robots\" content=\"index, follow, max-snippet:-1, max-image-preview:large, max-video-preview:-1\" \/>\n<link rel=\"canonical\" href=\"https:\/\/atramur.es\/en\/noticias\/\" \/>\n<meta property=\"og:locale\" content=\"en_GB\" \/>\n<meta property=\"og:type\" content=\"article\" \/>\n<meta property=\"og:title\" content=\"Noticias - ATRAMUR\" \/>\n<meta property=\"og:description\" content=\"OGLIGACIONES DEL TALLER EN MATERIA MEDIOAMBIENTAL La LEY 22\/2011 DE RESIDUOS Y SUELOS CONTAMINADOS y la LEY 7\/2022 DE RESIDUOS Y SUELOS CONTAMINADOS PARA UNA ECONOMIA CIRCULAR, obliga a todos los talleres con independencia de su especialidad, mec\u00e1nica, electricidad, chapa y pintura a: 1- Estar inscrito en el REGISTRO DEL PEQUE\u00d1O PRODUCTOR DE RESIDUOS PELIGROSOS, [&hellip;]\" \/>\n<meta property=\"og:url\" content=\"https:\/\/atramur.es\/en\/noticias\/\" \/>\n<meta property=\"og:site_name\" content=\"ATRAMUR\" \/>\n<meta property=\"article:modified_time\" content=\"2025-06-20T11:54:19+00:00\" \/>\n<meta name=\"twitter:card\" content=\"summary_large_image\" \/>\n<meta name=\"twitter:label1\" content=\"Estimated reading time\" \/>\n\t<meta name=\"twitter:data1\" content=\"2 minutes\" \/>\n<script type=\"application\/ld+json\" class=\"yoast-schema-graph\">{\"@context\":\"https:\/\/schema.org\",\"@graph\":[{\"@type\":\"WebPage\",\"@id\":\"https:\/\/atramur.es\/noticias\/\",\"url\":\"https:\/\/atramur.es\/noticias\/\",\"name\":\"Noticias - ATRAMUR\",\"isPartOf\":{\"@id\":\"https:\/\/atramur.es\/#website\"},\"datePublished\":\"2025-06-18T14:23:08+00:00\",\"dateModified\":\"2025-06-20T11:54:19+00:00\",\"breadcrumb\":{\"@id\":\"https:\/\/atramur.es\/noticias\/#breadcrumb\"},\"inLanguage\":\"en-GB\",\"potentialAction\":[{\"@type\":\"ReadAction\",\"target\":[\"https:\/\/atramur.es\/noticias\/\"]}]},{\"@type\":\"BreadcrumbList\",\"@id\":\"https:\/\/atramur.es\/noticias\/#breadcrumb\",\"itemListElement\":[{\"@type\":\"ListItem\",\"position\":1,\"name\":\"Portada\",\"item\":\"https:\/\/atramur.es\/\"},{\"@type\":\"ListItem\",\"position\":2,\"name\":\"Noticias\"}]},{\"@type\":\"WebSite\",\"@id\":\"https:\/\/atramur.es\/#website\",\"url\":\"https:\/\/atramur.es\/\",\"name\":\"ATRAMUR\",\"description\":\"\",\"publisher\":{\"@id\":\"https:\/\/atramur.es\/#organization\"},\"potentialAction\":[{\"@type\":\"SearchAction\",\"target\":{\"@type\":\"EntryPoint\",\"urlTemplate\":\"https:\/\/atramur.es\/?s={search_term_string}\"},\"query-input\":{\"@type\":\"PropertyValueSpecification\",\"valueRequired\":true,\"valueName\":\"search_term_string\"}}],\"inLanguage\":\"en-GB\"},{\"@type\":\"Organization\",\"@id\":\"https:\/\/atramur.es\/#organization\",\"name\":\"ATRAMUR\",\"url\":\"https:\/\/atramur.es\/\",\"logo\":{\"@type\":\"ImageObject\",\"inLanguage\":\"en-GB\",\"@id\":\"https:\/\/atramur.es\/#\/schema\/logo\/image\/\",\"url\":\"https:\/\/atramur.es\/wp-content\/uploads\/2025\/06\/cropped-Captura_desde_2025-06-10_09-20-49-removebg-preview.png\",\"contentUrl\":\"https:\/\/atramur.es\/wp-content\/uploads\/2025\/06\/cropped-Captura_desde_2025-06-10_09-20-49-removebg-preview.png\",\"width\":424,\"height\":423,\"caption\":\"ATRAMUR\"},\"image\":{\"@id\":\"https:\/\/atramur.es\/#\/schema\/logo\/image\/\"}}]}<\/script>\n<!-- \/ Yoast SEO plugin. -->","yoast_head_json":{"title":"Noticias - ATRAMUR","robots":{"index":"index","follow":"follow","max-snippet":"max-snippet:-1","max-image-preview":"max-image-preview:large","max-video-preview":"max-video-preview:-1"},"canonical":"https:\/\/atramur.es\/en\/noticias\/","og_locale":"en_GB","og_type":"article","og_title":"Noticias - ATRAMUR","og_description":"OGLIGACIONES DEL TALLER EN MATERIA MEDIOAMBIENTAL La LEY 22\/2011 DE RESIDUOS Y SUELOS CONTAMINADOS y la LEY 7\/2022 DE RESIDUOS Y SUELOS CONTAMINADOS PARA UNA ECONOMIA CIRCULAR, obliga a todos los talleres con independencia de su especialidad, mec\u00e1nica, electricidad, chapa y pintura a: 1- Estar inscrito en el REGISTRO DEL PEQUE\u00d1O PRODUCTOR DE RESIDUOS PELIGROSOS, [&hellip;]","og_url":"https:\/\/atramur.es\/en\/noticias\/","og_site_name":"ATRAMUR","article_modified_time":"2025-06-20T11:54:19+00:00","twitter_card":"summary_large_image","twitter_misc":{"Estimated reading time":"2 minutes"},"schema":{"@context":"https:\/\/schema.org","@graph":[{"@type":"WebPage","@id":"https:\/\/atramur.es\/noticias\/","url":"https:\/\/atramur.es\/noticias\/","name":"Noticias - ATRAMUR","isPartOf":{"@id":"https:\/\/atramur.es\/#website"},"datePublished":"2025-06-18T14:23:08+00:00","dateModified":"2025-06-20T11:54:19+00:00","breadcrumb":{"@id":"https:\/\/atramur.es\/noticias\/#breadcrumb"},"inLanguage":"en-GB","potentialAction":[{"@type":"ReadAction","target":["https:\/\/atramur.es\/noticias\/"]}]},{"@type":"BreadcrumbList","@id":"https:\/\/atramur.es\/noticias\/#breadcrumb","itemListElement":[{"@type":"ListItem","position":1,"name":"Portada","item":"https:\/\/atramur.es\/"},{"@type":"ListItem","position":2,"name":"Noticias"}]},{"@type":"WebSite","@id":"https:\/\/atramur.es\/#website","url":"https:\/\/atramur.es\/","name":"ATRAMUR","description":"","publisher":{"@id":"https:\/\/atramur.es\/#organization"},"potentialAction":[{"@type":"SearchAction","target":{"@type":"EntryPoint","urlTemplate":"https:\/\/atramur.es\/?s={search_term_string}"},"query-input":{"@type":"PropertyValueSpecification","valueRequired":true,"valueName":"search_term_string"}}],"inLanguage":"en-GB"},{"@type":"Organization","@id":"https:\/\/atramur.es\/#organization","name":"ATRAMUR","url":"https:\/\/atramur.es\/","logo":{"@type":"ImageObject","inLanguage":"en-GB","@id":"https:\/\/atramur.es\/#\/schema\/logo\/image\/","url":"https:\/\/atramur.es\/wp-content\/uploads\/2025\/06\/cropped-Captura_desde_2025-06-10_09-20-49-removebg-preview.png","contentUrl":"https:\/\/atramur.es\/wp-content\/uploads\/2025\/06\/cropped-Captura_desde_2025-06-10_09-20-49-removebg-preview.png","width":424,"height":423,"caption":"ATRAMUR"},"image":{"@id":"https:\/\/atramur.es\/#\/schema\/logo\/image\/"}}]}},"_links":{"self":[{"href":"https:\/\/atramur.es\/en\/wp-json\/wp\/v2\/pages\/1701","targetHints":{"allow":["GET"]}}],"collection":[{"href":"https:\/\/atramur.es\/en\/wp-json\/wp\/v2\/pages"}],"about":[{"href":"https:\/\/atramur.es\/en\/wp-json\/wp\/v2\/types\/page"}],"author":[{"embeddable":true,"href":"https:\/\/atramur.es\/en\/wp-json\/wp\/v2\/users\/1"}],"replies":[{"embeddable":true,"href":"https:\/\/atramur.es\/en\/wp-json\/wp\/v2\/comments?post=1701"}],"version-history":[{"count":19,"href":"https:\/\/atramur.es\/en\/wp-json\/wp\/v2\/pages\/1701\/revisions"}],"predecessor-version":[{"id":1808,"href":"https:\/\/atramur.es\/en\/wp-json\/wp\/v2\/pages\/1701\/revisions\/1808"}],"wp:attachment":[{"href":"https:\/\/atramur.es\/en\/wp-json\/wp\/v2\/media?parent=1701"}],"curies":[{"name":"wp","href":"https:\/\/api.w.org\/{rel}","templated":true}]}}