{"id":96,"date":"2025-06-10T08:17:57","date_gmt":"2025-06-10T08:17:57","guid":{"rendered":"https:\/\/atramur.rkinformatika.online\/?page_id=96"},"modified":"2025-06-18T14:09:08","modified_gmt":"2025-06-18T14:09:08","slug":"la-asociacion","status":"publish","type":"page","link":"https:\/\/atramur.es\/en\/la-asociacion\/","title":{"rendered":"The Association"},"content":{"rendered":"<div data-elementor-type=\"wp-page\" data-elementor-id=\"96\" class=\"elementor elementor-96\" data-elementor-post-type=\"page\">\n\t\t\t\t<div class=\"elementor-element elementor-element-c44b8c9 e-flex e-con-boxed e-con e-parent\" data-id=\"c44b8c9\" data-element_type=\"container\" data-settings=\"{&quot;background_background&quot;:&quot;classic&quot;}\">\n\t\t\t\t\t<div class=\"e-con-inner\">\n\t\t<div class=\"elementor-element elementor-element-81306cf e-con-full e-flex e-con e-child\" data-id=\"81306cf\" data-element_type=\"container\">\n\t\t\t\t<div class=\"elementor-element elementor-element-6f5e73f elementor-widget elementor-widget-text-editor\" data-id=\"6f5e73f\" data-element_type=\"widget\" data-widget_type=\"text-editor.default\">\n\t\t\t\t<div class=\"elementor-widget-container\">\n\t\t\t\t\t\t\t\t\t<p>Somos una Asociaci\u00f3n de Talleres de Reparaci\u00f3n de Veh\u00edculos de la Regi\u00f3n de Murcia que se cre\u00f3 hace m\u00e1s de 40 a\u00f1os con el objetivo de defender los intereses de los peque\u00f1os y medianos empresarios, dedicados a la reparaci\u00f3n de veh\u00edculos en todas sus especialidades, ofrecerles apoyo y promover la mejora continua del sector.<\/p><p>Somos adem\u00e1s una entidad independiente, a nivel auton\u00f3mico, y federada a nivel nacional a trav\u00e9s de CONEPA de la que somos socios fundadores.<\/p>\t\t\t\t\t\t\t\t<\/div>\n\t\t\t\t<\/div>\n\t\t\t\t<\/div>\n\t\t<div class=\"elementor-element elementor-element-b44253e e-con-full e-flex e-con e-child\" data-id=\"b44253e\" data-element_type=\"container\" data-settings=\"{&quot;background_background&quot;:&quot;classic&quot;}\">\n\t\t\t\t<div class=\"elementor-element elementor-element-34b0ada elementor-widget elementor-widget-spacer\" data-id=\"34b0ada\" data-element_type=\"widget\" data-widget_type=\"spacer.default\">\n\t\t\t\t<div class=\"elementor-widget-container\">\n\t\t\t\t\t\t\t<div class=\"elementor-spacer\">\n\t\t\t<div class=\"elementor-spacer-inner\"><\/div>\n\t\t<\/div>\n\t\t\t\t\t\t<\/div>\n\t\t\t\t<\/div>\n\t\t\t\t<\/div>\n\t\t\t\t\t<\/div>\n\t\t\t\t<\/div>\n\t\t<div class=\"elementor-element elementor-element-99c51f2 e-flex e-con-boxed e-con e-parent\" data-id=\"99c51f2\" data-element_type=\"container\" data-settings=\"{&quot;background_background&quot;:&quot;classic&quot;}\">\n\t\t\t\t\t<div class=\"e-con-inner\">\n\t\t<div class=\"elementor-element elementor-element-0e36312 e-con-full e-flex e-con e-child\" data-id=\"0e36312\" data-element_type=\"container\">\n\t\t\t\t<div class=\"elementor-element elementor-element-d26378e animated-slow elementor-invisible elementor-widget elementor-widget-heading\" data-id=\"d26378e\" data-element_type=\"widget\" data-settings=\"{&quot;_animation&quot;:&quot;zoomIn&quot;}\" data-widget_type=\"heading.default\">\n\t\t\t\t<div class=\"elementor-widget-container\">\n\t\t\t\t\t<h2 class=\"elementor-heading-title elementor-size-default\">SERVICIOS OFRECIDOS POR LA ASOCIACION<\/h2>\t\t\t\t<\/div>\n\t\t\t\t<\/div>\n\t\t\t\t<\/div>\n\t\t<div class=\"elementor-element elementor-element-06109b2 e-con-full e-flex e-con e-child\" data-id=\"06109b2\" data-element_type=\"container\">\n\t\t\t\t<div class=\"elementor-element elementor-element-2925568 elementor-invisible elementor-widget elementor-widget-heading\" data-id=\"2925568\" data-element_type=\"widget\" data-settings=\"{&quot;_animation&quot;:&quot;fadeInLeft&quot;}\" data-widget_type=\"heading.default\">\n\t\t\t\t<div class=\"elementor-widget-container\">\n\t\t\t\t\t<h2 class=\"elementor-heading-title elementor-size-default\">MEDIO AMBIENTE<\/h2>\t\t\t\t<\/div>\n\t\t\t\t<\/div>\n\t\t\t\t<\/div>\n\t\t<div class=\"elementor-element elementor-element-fdb7967 e-con-full e-flex e-con e-child\" data-id=\"fdb7967\" data-element_type=\"container\">\n\t\t\t\t<div class=\"elementor-element elementor-element-3e42183 elementor-invisible elementor-widget elementor-widget-heading\" data-id=\"3e42183\" data-element_type=\"widget\" data-settings=\"{&quot;_animation&quot;:&quot;fadeInDown&quot;}\" data-widget_type=\"heading.default\">\n\t\t\t\t<div class=\"elementor-widget-container\">\n\t\t\t\t\t<h2 class=\"elementor-heading-title elementor-size-default\">INDUSTRIA<\/h2>\t\t\t\t<\/div>\n\t\t\t\t<\/div>\n\t\t\t\t<\/div>\n\t\t<div class=\"elementor-element elementor-element-3855bee e-con-full e-flex e-con e-child\" data-id=\"3855bee\" data-element_type=\"container\">\n\t\t\t\t<div class=\"elementor-element elementor-element-4473e14 elementor-invisible elementor-widget elementor-widget-heading\" data-id=\"4473e14\" data-element_type=\"widget\" data-settings=\"{&quot;_animation&quot;:&quot;fadeInRight&quot;}\" data-widget_type=\"heading.default\">\n\t\t\t\t<div class=\"elementor-widget-container\">\n\t\t\t\t\t<h2 class=\"elementor-heading-title elementor-size-default\">CONSUMO<\/h2>\t\t\t\t<\/div>\n\t\t\t\t<\/div>\n\t\t\t\t<\/div>\n\t\t<div class=\"elementor-element elementor-element-279a0f6 e-con-full e-flex e-con e-child\" data-id=\"279a0f6\" data-element_type=\"container\">\n\t\t\t\t<div class=\"elementor-element elementor-element-c73d0c6 elementor-invisible elementor-widget elementor-widget-heading\" data-id=\"c73d0c6\" data-element_type=\"widget\" data-settings=\"{&quot;_animation&quot;:&quot;fadeInUp&quot;}\" data-widget_type=\"heading.default\">\n\t\t\t\t<div class=\"elementor-widget-container\">\n\t\t\t\t\t<h2 class=\"elementor-heading-title elementor-size-default\">SERVICIO JURIDICO<\/h2>\t\t\t\t<\/div>\n\t\t\t\t<\/div>\n\t\t\t\t<\/div>\n\t\t<div class=\"elementor-element elementor-element-9cd539a e-con-full e-flex e-con e-child\" data-id=\"9cd539a\" data-element_type=\"container\">\n\t\t\t\t<div class=\"elementor-element elementor-element-ae9be52 animated-slow elementor-invisible elementor-widget elementor-widget-heading\" data-id=\"ae9be52\" data-element_type=\"widget\" data-settings=\"{&quot;_animation&quot;:&quot;fadeInRight&quot;,&quot;_animation_delay&quot;:200}\" data-widget_type=\"heading.default\">\n\t\t\t\t<div class=\"elementor-widget-container\">\n\t\t\t\t\t<h2 class=\"elementor-heading-title elementor-size-default\">OTRAS CONSULTAS E INFORMACIONES<\/h2>\t\t\t\t<\/div>\n\t\t\t\t<\/div>\n\t\t\t\t<\/div>\n\t\t\t\t\t<\/div>\n\t\t\t\t<\/div>\n\t\t<div class=\"elementor-element elementor-element-5ef9155 e-flex e-con-boxed e-con e-parent\" data-id=\"5ef9155\" data-element_type=\"container\" data-settings=\"{&quot;background_background&quot;:&quot;classic&quot;}\">\n\t\t\t\t\t<div class=\"e-con-inner\">\n\t\t<div class=\"elementor-element elementor-element-d6ed461 e-con-full e-flex e-con e-child\" data-id=\"d6ed461\" data-element_type=\"container\">\n\t\t\t\t<div class=\"elementor-element elementor-element-433b8d9 animated-slow elementor-invisible elementor-widget elementor-widget-heading\" data-id=\"433b8d9\" data-element_type=\"widget\" data-settings=\"{&quot;_animation&quot;:&quot;zoomIn&quot;}\" data-widget_type=\"heading.default\">\n\t\t\t\t<div class=\"elementor-widget-container\">\n\t\t\t\t\t<h2 class=\"elementor-heading-title elementor-size-default\">\u00bfPor qu\u00e9 elegirnos?<\/h2>\t\t\t\t<\/div>\n\t\t\t\t<\/div>\n\t\t\t\t<\/div>\n\t\t<div class=\"elementor-element elementor-element-2ef0ef7 e-con-full e-flex e-con e-child\" data-id=\"2ef0ef7\" data-element_type=\"container\" data-settings=\"{&quot;background_background&quot;:&quot;classic&quot;}\">\n\t\t\t\t<div class=\"elementor-element elementor-element-e54b36d e-transform elementor-view-default elementor-position-top elementor-mobile-position-top elementor-invisible elementor-widget elementor-widget-icon-box\" data-id=\"e54b36d\" data-element_type=\"widget\" data-settings=\"{&quot;_animation&quot;:&quot;fadeInLeft&quot;,&quot;_transform_translateX_effect_hover&quot;:{&quot;unit&quot;:&quot;px&quot;,&quot;size&quot;:-10,&quot;sizes&quot;:[]},&quot;_transform_translateY_effect_hover&quot;:{&quot;unit&quot;:&quot;px&quot;,&quot;size&quot;:10,&quot;sizes&quot;:[]},&quot;_transform_translateX_effect_hover_tablet&quot;:{&quot;unit&quot;:&quot;px&quot;,&quot;size&quot;:&quot;&quot;,&quot;sizes&quot;:[]},&quot;_transform_translateX_effect_hover_mobile&quot;:{&quot;unit&quot;:&quot;px&quot;,&quot;size&quot;:&quot;&quot;,&quot;sizes&quot;:[]},&quot;_transform_translateY_effect_hover_tablet&quot;:{&quot;unit&quot;:&quot;px&quot;,&quot;size&quot;:&quot;&quot;,&quot;sizes&quot;:[]},&quot;_transform_translateY_effect_hover_mobile&quot;:{&quot;unit&quot;:&quot;px&quot;,&quot;size&quot;:&quot;&quot;,&quot;sizes&quot;:[]}}\" data-widget_type=\"icon-box.default\">\n\t\t\t\t<div class=\"elementor-widget-container\">\n\t\t\t\t\t\t\t<div class=\"elementor-icon-box-wrapper\">\n\n\t\t\t\t\t\t<div class=\"elementor-icon-box-icon\">\n\t\t\t\t<span  class=\"elementor-icon\">\n\t\t\t\t<svg aria-hidden=\"true\" class=\"e-font-icon-svg e-fas-suitcase\" viewbox=\"0 0 512 512\" xmlns=\"http:\/\/www.w3.org\/2000\/svg\"><path d=\"M128 480h256V80c0-26.5-21.5-48-48-48H176c-26.5 0-48 21.5-48 48v400zm64-384h128v32H192V96zm320 80v256c0 26.5-21.5 48-48 48h-48V128h48c26.5 0 48 21.5 48 48zM96 480H48c-26.5 0-48-21.5-48-48V176c0-26.5 21.5-48 48-48h48v352z\"><\/path><\/svg>\t\t\t\t<\/span>\n\t\t\t<\/div>\n\t\t\t\n\t\t\t\t\t\t<div class=\"elementor-icon-box-content\">\n\n\t\t\t\t\t\t\t\t\t<h3 class=\"elementor-icon-box-title\">\n\t\t\t\t\t\t<span  >\n\t\t\t\t\t\t\tA\u00f1os de Experencia\t\t\t\t\t\t<\/span>\n\t\t\t\t\t<\/h3>\n\t\t\t\t\n\t\t\t\t\n\t\t\t<\/div>\n\t\t\t\n\t\t<\/div>\n\t\t\t\t\t\t<\/div>\n\t\t\t\t<\/div>\n\t\t\t\t<\/div>\n\t\t<div class=\"elementor-element elementor-element-7770bce e-con-full e-flex e-con e-child\" data-id=\"7770bce\" data-element_type=\"container\">\n\t\t\t\t<div class=\"elementor-element elementor-element-7ddca3f e-transform elementor-view-default elementor-position-top elementor-mobile-position-top elementor-invisible elementor-widget elementor-widget-icon-box\" data-id=\"7ddca3f\" data-element_type=\"widget\" data-settings=\"{&quot;_animation&quot;:&quot;fadeInUp&quot;,&quot;_transform_translateY_effect_hover&quot;:{&quot;unit&quot;:&quot;px&quot;,&quot;size&quot;:20,&quot;sizes&quot;:[]},&quot;_transform_translateX_effect_hover&quot;:{&quot;unit&quot;:&quot;px&quot;,&quot;size&quot;:&quot;&quot;,&quot;sizes&quot;:[]},&quot;_transform_translateX_effect_hover_tablet&quot;:{&quot;unit&quot;:&quot;px&quot;,&quot;size&quot;:&quot;&quot;,&quot;sizes&quot;:[]},&quot;_transform_translateX_effect_hover_mobile&quot;:{&quot;unit&quot;:&quot;px&quot;,&quot;size&quot;:&quot;&quot;,&quot;sizes&quot;:[]},&quot;_transform_translateY_effect_hover_tablet&quot;:{&quot;unit&quot;:&quot;px&quot;,&quot;size&quot;:&quot;&quot;,&quot;sizes&quot;:[]},&quot;_transform_translateY_effect_hover_mobile&quot;:{&quot;unit&quot;:&quot;px&quot;,&quot;size&quot;:&quot;&quot;,&quot;sizes&quot;:[]}}\" data-widget_type=\"icon-box.default\">\n\t\t\t\t<div class=\"elementor-widget-container\">\n\t\t\t\t\t\t\t<div class=\"elementor-icon-box-wrapper\">\n\n\t\t\t\t\t\t<div class=\"elementor-icon-box-icon\">\n\t\t\t\t<span  class=\"elementor-icon\">\n\t\t\t\t<svg aria-hidden=\"true\" class=\"e-font-icon-svg e-fas-hands-helping\" viewbox=\"0 0 640 512\" xmlns=\"http:\/\/www.w3.org\/2000\/svg\"><path d=\"M488 192H336v56c0 39.7-32.3 72-72 72s-72-32.3-72-72V126.4l-64.9 39C107.8 176.9 96 197.8 96 220.2v47.3l-80 46.2C.7 322.5-4.6 342.1 4.3 357.4l80 138.6c8.8 15.3 28.4 20.5 43.7 11.7L231.4 448H368c35.3 0 64-28.7 64-64h16c17.7 0 32-14.3 32-32v-64h8c13.3 0 24-10.7 24-24v-48c0-13.3-10.7-24-24-24zm147.7-37.4L555.7 16C546.9.7 527.3-4.5 512 4.3L408.6 64H306.4c-12 0-23.7 3.4-33.9 9.7L239 94.6c-9.4 5.8-15 16.1-15 27.1V248c0 22.1 17.9 40 40 40s40-17.9 40-40v-88h184c30.9 0 56 25.1 56 56v28.5l80-46.2c15.3-8.9 20.5-28.4 11.7-43.7z\"><\/path><\/svg>\t\t\t\t<\/span>\n\t\t\t<\/div>\n\t\t\t\n\t\t\t\t\t\t<div class=\"elementor-icon-box-content\">\n\n\t\t\t\t\t\t\t\t\t<h3 class=\"elementor-icon-box-title\">\n\t\t\t\t\t\t<span  >\n\t\t\t\t\t\t\tCompromiso profesional\t\t\t\t\t\t<\/span>\n\t\t\t\t\t<\/h3>\n\t\t\t\t\n\t\t\t\t\n\t\t\t<\/div>\n\t\t\t\n\t\t<\/div>\n\t\t\t\t\t\t<\/div>\n\t\t\t\t<\/div>\n\t\t\t\t<\/div>\n\t\t<div class=\"elementor-element elementor-element-20db5d7 e-con-full e-flex e-con e-child\" data-id=\"20db5d7\" data-element_type=\"container\">\n\t\t\t\t<div class=\"elementor-element elementor-element-b7a1710 e-transform elementor-view-default elementor-position-top elementor-mobile-position-top elementor-invisible elementor-widget elementor-widget-icon-box\" data-id=\"b7a1710\" data-element_type=\"widget\" data-settings=\"{&quot;_animation&quot;:&quot;fadeInRight&quot;,&quot;_transform_translateX_effect_hover&quot;:{&quot;unit&quot;:&quot;px&quot;,&quot;size&quot;:10,&quot;sizes&quot;:[]},&quot;_transform_translateY_effect_hover&quot;:{&quot;unit&quot;:&quot;px&quot;,&quot;size&quot;:10,&quot;sizes&quot;:[]},&quot;_transform_translateX_effect_hover_tablet&quot;:{&quot;unit&quot;:&quot;px&quot;,&quot;size&quot;:&quot;&quot;,&quot;sizes&quot;:[]},&quot;_transform_translateX_effect_hover_mobile&quot;:{&quot;unit&quot;:&quot;px&quot;,&quot;size&quot;:&quot;&quot;,&quot;sizes&quot;:[]},&quot;_transform_translateY_effect_hover_tablet&quot;:{&quot;unit&quot;:&quot;px&quot;,&quot;size&quot;:&quot;&quot;,&quot;sizes&quot;:[]},&quot;_transform_translateY_effect_hover_mobile&quot;:{&quot;unit&quot;:&quot;px&quot;,&quot;size&quot;:&quot;&quot;,&quot;sizes&quot;:[]}}\" data-widget_type=\"icon-box.default\">\n\t\t\t\t<div class=\"elementor-widget-container\">\n\t\t\t\t\t\t\t<div class=\"elementor-icon-box-wrapper\">\n\n\t\t\t\t\t\t<div class=\"elementor-icon-box-icon\">\n\t\t\t\t<span  class=\"elementor-icon\">\n\t\t\t\t<svg aria-hidden=\"true\" class=\"e-font-icon-svg e-fas-users\" viewbox=\"0 0 640 512\" xmlns=\"http:\/\/www.w3.org\/2000\/svg\"><path d=\"M96 224c35.3 0 64-28.7 64-64s-28.7-64-64-64-64 28.7-64 64 28.7 64 64 64zm448 0c35.3 0 64-28.7 64-64s-28.7-64-64-64-64 28.7-64 64 28.7 64 64 64zm32 32h-64c-17.6 0-33.5 7.1-45.1 18.6 40.3 22.1 68.9 62 75.1 109.4h66c17.7 0 32-14.3 32-32v-32c0-35.3-28.7-64-64-64zm-256 0c61.9 0 112-50.1 112-112S381.9 32 320 32 208 82.1 208 144s50.1 112 112 112zm76.8 32h-8.3c-20.8 10-43.9 16-68.5 16s-47.6-6-68.5-16h-8.3C179.6 288 128 339.6 128 403.2V432c0 26.5 21.5 48 48 48h288c26.5 0 48-21.5 48-48v-28.8c0-63.6-51.6-115.2-115.2-115.2zm-223.7-13.4C161.5 263.1 145.6 256 128 256H64c-35.3 0-64 28.7-64 64v32c0 17.7 14.3 32 32 32h65.9c6.3-47.4 34.9-87.3 75.2-109.4z\"><\/path><\/svg>\t\t\t\t<\/span>\n\t\t\t<\/div>\n\t\t\t\n\t\t\t\t\t\t<div class=\"elementor-icon-box-content\">\n\n\t\t\t\t\t\t\t\t\t<h3 class=\"elementor-icon-box-title\">\n\t\t\t\t\t\t<span  >\n\t\t\t\t\t\t\tClientes satisfechos\t\t\t\t\t\t<\/span>\n\t\t\t\t\t<\/h3>\n\t\t\t\t\n\t\t\t\t\n\t\t\t<\/div>\n\t\t\t\n\t\t<\/div>\n\t\t\t\t\t\t<\/div>\n\t\t\t\t<\/div>\n\t\t\t\t<\/div>\n\t\t\t\t\t<\/div>\n\t\t\t\t<\/div>\n\t\t\t\t<\/div>","protected":false},"excerpt":{"rendered":"<p>Somos una Asociaci\u00f3n de Talleres de Reparaci\u00f3n de Veh\u00edculos de la Regi\u00f3n de Murcia que se cre\u00f3 hace m\u00e1s de 40 a\u00f1os con el objetivo de defender los intereses de los peque\u00f1os y medianos empresarios, dedicados a la reparaci\u00f3n de veh\u00edculos en todas sus especialidades, ofrecerles apoyo y promover la mejora continua del sector. Somos [&hellip;]<\/p>","protected":false},"author":1,"featured_media":0,"parent":0,"menu_order":0,"comment_status":"closed","ping_status":"closed","template":"elementor_canvas","meta":{"footnotes":""},"class_list":["post-96","page","type-page","status-publish","hentry"],"yoast_head":"<!-- This site is optimized with the Yoast SEO plugin v25.8 - https:\/\/yoast.com\/wordpress\/plugins\/seo\/ -->\n<title>La Asociaci\u00f3n - ATRAMUR<\/title>\n<meta name=\"robots\" content=\"index, follow, max-snippet:-1, max-image-preview:large, max-video-preview:-1\" \/>\n<link rel=\"canonical\" href=\"https:\/\/atramur.es\/en\/la-asociacion\/\" \/>\n<meta property=\"og:locale\" content=\"en_GB\" \/>\n<meta property=\"og:type\" content=\"article\" \/>\n<meta property=\"og:title\" content=\"La Asociaci\u00f3n - ATRAMUR\" \/>\n<meta property=\"og:description\" content=\"Somos una Asociaci\u00f3n de Talleres de Reparaci\u00f3n de Veh\u00edculos de la Regi\u00f3n de Murcia que se cre\u00f3 hace m\u00e1s de 40 a\u00f1os con el objetivo de defender los intereses de los peque\u00f1os y medianos empresarios, dedicados a la reparaci\u00f3n de veh\u00edculos en todas sus especialidades, ofrecerles apoyo y promover la mejora continua del sector. Somos [&hellip;]\" \/>\n<meta property=\"og:url\" content=\"https:\/\/atramur.es\/en\/la-asociacion\/\" \/>\n<meta property=\"og:site_name\" content=\"ATRAMUR\" \/>\n<meta property=\"article:modified_time\" content=\"2025-06-18T14:09:08+00:00\" \/>\n<meta name=\"twitter:card\" content=\"summary_large_image\" \/>\n<meta name=\"twitter:label1\" content=\"Estimated reading time\" \/>\n\t<meta name=\"twitter:data1\" content=\"1 minute\" \/>\n<script type=\"application\/ld+json\" class=\"yoast-schema-graph\">{\"@context\":\"https:\/\/schema.org\",\"@graph\":[{\"@type\":\"WebPage\",\"@id\":\"https:\/\/atramur.es\/la-asociacion\/\",\"url\":\"https:\/\/atramur.es\/la-asociacion\/\",\"name\":\"La Asociaci\u00f3n - ATRAMUR\",\"isPartOf\":{\"@id\":\"https:\/\/atramur.es\/#website\"},\"datePublished\":\"2025-06-10T08:17:57+00:00\",\"dateModified\":\"2025-06-18T14:09:08+00:00\",\"breadcrumb\":{\"@id\":\"https:\/\/atramur.es\/la-asociacion\/#breadcrumb\"},\"inLanguage\":\"en-GB\",\"potentialAction\":[{\"@type\":\"ReadAction\",\"target\":[\"https:\/\/atramur.es\/la-asociacion\/\"]}]},{\"@type\":\"BreadcrumbList\",\"@id\":\"https:\/\/atramur.es\/la-asociacion\/#breadcrumb\",\"itemListElement\":[{\"@type\":\"ListItem\",\"position\":1,\"name\":\"Portada\",\"item\":\"https:\/\/atramur.es\/\"},{\"@type\":\"ListItem\",\"position\":2,\"name\":\"La Asociaci\u00f3n\"}]},{\"@type\":\"WebSite\",\"@id\":\"https:\/\/atramur.es\/#website\",\"url\":\"https:\/\/atramur.es\/\",\"name\":\"ATRAMUR\",\"description\":\"\",\"publisher\":{\"@id\":\"https:\/\/atramur.es\/#organization\"},\"potentialAction\":[{\"@type\":\"SearchAction\",\"target\":{\"@type\":\"EntryPoint\",\"urlTemplate\":\"https:\/\/atramur.es\/?s={search_term_string}\"},\"query-input\":{\"@type\":\"PropertyValueSpecification\",\"valueRequired\":true,\"valueName\":\"search_term_string\"}}],\"inLanguage\":\"en-GB\"},{\"@type\":\"Organization\",\"@id\":\"https:\/\/atramur.es\/#organization\",\"name\":\"ATRAMUR\",\"url\":\"https:\/\/atramur.es\/\",\"logo\":{\"@type\":\"ImageObject\",\"inLanguage\":\"en-GB\",\"@id\":\"https:\/\/atramur.es\/#\/schema\/logo\/image\/\",\"url\":\"https:\/\/atramur.es\/wp-content\/uploads\/2025\/06\/cropped-Captura_desde_2025-06-10_09-20-49-removebg-preview.png\",\"contentUrl\":\"https:\/\/atramur.es\/wp-content\/uploads\/2025\/06\/cropped-Captura_desde_2025-06-10_09-20-49-removebg-preview.png\",\"width\":424,\"height\":423,\"caption\":\"ATRAMUR\"},\"image\":{\"@id\":\"https:\/\/atramur.es\/#\/schema\/logo\/image\/\"}}]}<\/script>\n<!-- \/ Yoast SEO plugin. -->","yoast_head_json":{"title":"La Asociaci\u00f3n - ATRAMUR","robots":{"index":"index","follow":"follow","max-snippet":"max-snippet:-1","max-image-preview":"max-image-preview:large","max-video-preview":"max-video-preview:-1"},"canonical":"https:\/\/atramur.es\/en\/la-asociacion\/","og_locale":"en_GB","og_type":"article","og_title":"La Asociaci\u00f3n - ATRAMUR","og_description":"Somos una Asociaci\u00f3n de Talleres de Reparaci\u00f3n de Veh\u00edculos de la Regi\u00f3n de Murcia que se cre\u00f3 hace m\u00e1s de 40 a\u00f1os con el objetivo de defender los intereses de los peque\u00f1os y medianos empresarios, dedicados a la reparaci\u00f3n de veh\u00edculos en todas sus especialidades, ofrecerles apoyo y promover la mejora continua del sector. Somos [&hellip;]","og_url":"https:\/\/atramur.es\/en\/la-asociacion\/","og_site_name":"ATRAMUR","article_modified_time":"2025-06-18T14:09:08+00:00","twitter_card":"summary_large_image","twitter_misc":{"Estimated reading time":"1 minute"},"schema":{"@context":"https:\/\/schema.org","@graph":[{"@type":"WebPage","@id":"https:\/\/atramur.es\/la-asociacion\/","url":"https:\/\/atramur.es\/la-asociacion\/","name":"La Asociaci\u00f3n - ATRAMUR","isPartOf":{"@id":"https:\/\/atramur.es\/#website"},"datePublished":"2025-06-10T08:17:57+00:00","dateModified":"2025-06-18T14:09:08+00:00","breadcrumb":{"@id":"https:\/\/atramur.es\/la-asociacion\/#breadcrumb"},"inLanguage":"en-GB","potentialAction":[{"@type":"ReadAction","target":["https:\/\/atramur.es\/la-asociacion\/"]}]},{"@type":"BreadcrumbList","@id":"https:\/\/atramur.es\/la-asociacion\/#breadcrumb","itemListElement":[{"@type":"ListItem","position":1,"name":"Portada","item":"https:\/\/atramur.es\/"},{"@type":"ListItem","position":2,"name":"La Asociaci\u00f3n"}]},{"@type":"WebSite","@id":"https:\/\/atramur.es\/#website","url":"https:\/\/atramur.es\/","name":"ATRAMUR","description":"","publisher":{"@id":"https:\/\/atramur.es\/#organization"},"potentialAction":[{"@type":"SearchAction","target":{"@type":"EntryPoint","urlTemplate":"https:\/\/atramur.es\/?s={search_term_string}"},"query-input":{"@type":"PropertyValueSpecification","valueRequired":true,"valueName":"search_term_string"}}],"inLanguage":"en-GB"},{"@type":"Organization","@id":"https:\/\/atramur.es\/#organization","name":"ATRAMUR","url":"https:\/\/atramur.es\/","logo":{"@type":"ImageObject","inLanguage":"en-GB","@id":"https:\/\/atramur.es\/#\/schema\/logo\/image\/","url":"https:\/\/atramur.es\/wp-content\/uploads\/2025\/06\/cropped-Captura_desde_2025-06-10_09-20-49-removebg-preview.png","contentUrl":"https:\/\/atramur.es\/wp-content\/uploads\/2025\/06\/cropped-Captura_desde_2025-06-10_09-20-49-removebg-preview.png","width":424,"height":423,"caption":"ATRAMUR"},"image":{"@id":"https:\/\/atramur.es\/#\/schema\/logo\/image\/"}}]}},"_links":{"self":[{"href":"https:\/\/atramur.es\/en\/wp-json\/wp\/v2\/pages\/96","targetHints":{"allow":["GET"]}}],"collection":[{"href":"https:\/\/atramur.es\/en\/wp-json\/wp\/v2\/pages"}],"about":[{"href":"https:\/\/atramur.es\/en\/wp-json\/wp\/v2\/types\/page"}],"author":[{"embeddable":true,"href":"https:\/\/atramur.es\/en\/wp-json\/wp\/v2\/users\/1"}],"replies":[{"embeddable":true,"href":"https:\/\/atramur.es\/en\/wp-json\/wp\/v2\/comments?post=96"}],"version-history":[{"count":242,"href":"https:\/\/atramur.es\/en\/wp-json\/wp\/v2\/pages\/96\/revisions"}],"predecessor-version":[{"id":1655,"href":"https:\/\/atramur.es\/en\/wp-json\/wp\/v2\/pages\/96\/revisions\/1655"}],"wp:attachment":[{"href":"https:\/\/atramur.es\/en\/wp-json\/wp\/v2\/media?parent=96"}],"curies":[{"name":"wp","href":"https:\/\/api.w.org\/{rel}","templated":true}]}}